{"id":616,"date":"2023-05-04T19:49:18","date_gmt":"2023-05-04T18:49:18","guid":{"rendered":"https:\/\/heiniger-graphicdesign.ch\/?page_id=616"},"modified":"2023-05-14T09:42:11","modified_gmt":"2023-05-14T08:42:11","slug":"principles-de","status":"publish","type":"page","link":"https:\/\/heiniger-graphicdesign.ch\/?page_id=616&lang=de","title":{"rendered":"Prinzipien"},"content":{"rendered":"\t\t<div data-elementor-type=\"wp-page\" data-elementor-id=\"616\" class=\"elementor elementor-616\">\n\t\t\t\t<div class=\"elementor-element elementor-element-8108a29 e-con-full e-flex e-con e-parent\" data-id=\"8108a29\" data-element_type=\"container\">\n\t\t<div class=\"elementor-element elementor-element-a6846f8 e-con-full animated-fast e-flex e-con e-parent\" data-id=\"a6846f8\" data-element_type=\"container\" data-settings=\"{&quot;animation&quot;:&quot;none&quot;,&quot;animation_delay&quot;:0}\">\n\t\t<div class=\"elementor-element elementor-element-c2b221c e-con-full e-flex e-con e-parent\" data-id=\"c2b221c\" data-element_type=\"container\">\n\t\t\t\t<div class=\"elementor-element elementor-element-824ef9c elementor-widget elementor-widget-image\" data-id=\"824ef9c\" data-element_type=\"widget\" data-widget_type=\"image.default\">\n\t\t\t\t<div class=\"elementor-widget-container\">\n\t\t\t\t\t\t\t\t\t\t\t\t\t\t\t<img fetchpriority=\"high\" decoding=\"async\" width=\"1920\" height=\"1280\" src=\"https:\/\/heiniger-graphicdesign.ch\/wp-content\/uploads\/2023\/05\/PRINCIPLES_EN-min.jpg\" class=\"attachment-full size-full wp-image-527\" alt=\"\" srcset=\"https:\/\/heiniger-graphicdesign.ch\/wp-content\/uploads\/2023\/05\/PRINCIPLES_EN-min.jpg 1920w, https:\/\/heiniger-graphicdesign.ch\/wp-content\/uploads\/2023\/05\/PRINCIPLES_EN-min-300x200.jpg 300w, https:\/\/heiniger-graphicdesign.ch\/wp-content\/uploads\/2023\/05\/PRINCIPLES_EN-min-1024x683.jpg 1024w, https:\/\/heiniger-graphicdesign.ch\/wp-content\/uploads\/2023\/05\/PRINCIPLES_EN-min-768x512.jpg 768w, https:\/\/heiniger-graphicdesign.ch\/wp-content\/uploads\/2023\/05\/PRINCIPLES_EN-min-1536x1024.jpg 1536w\" sizes=\"(max-width: 1920px) 100vw, 1920px\" \/>\t\t\t\t\t\t\t\t\t\t\t\t\t\t\t<\/div>\n\t\t\t\t<\/div>\n\t\t\t\t<\/div>\n\t\t<div class=\"elementor-element elementor-element-b68dcbe e-con-full e-flex e-con e-parent\" data-id=\"b68dcbe\" data-element_type=\"container\">\n\t\t\t\t<div class=\"elementor-element elementor-element-35093c0 elementor-widget elementor-widget-text-editor\" data-id=\"35093c0\" data-element_type=\"widget\" data-widget_type=\"text-editor.default\">\n\t\t\t\t<div class=\"elementor-widget-container\">\n\t\t\t\t\t\t\t\t\t<p><strong>Prinzipien<\/strong><br \/>Durchdachte visuelle Gestaltung ist langlebig und muss generationen\u00fcbergreifend funktionieren. Die F\u00e4higkeit des Grafikers ist es, sich dem Kunden anzupassen und seine Bed\u00fcrfnisse gewinnbringend zu unterst\u00fctzen. Der wirtschaftliche Fortschritt ist dem Grafiker genauso bedeutend wie seine kreative und gestalterische T\u00e4tigkeit. Gestaltung ist visuelle Information, die seinen Nutzen im Ursprung haben muss.<\/p>\t\t\t\t\t\t\t\t<\/div>\n\t\t\t\t<\/div>\n\t\t\t\t<\/div>\n\t\t\t\t<\/div>\n\t\t\t\t<\/div>\n\t\t\t\t<\/div>\n\t\t","protected":false},"excerpt":{"rendered":"<p>PrinzipienDurchdachte visuelle Gestaltung ist langlebig und muss generationen\u00fcbergreifend funktionieren. Die F\u00e4higkeit des Grafikers ist es, sich dem Kunden anzupassen und seine Bed\u00fcrfnisse gewinnbringend zu unterst\u00fctzen. Der wirtschaftliche Fortschritt ist dem Grafiker genauso bedeutend wie seine kreative und gestalterische T\u00e4tigkeit. Gestaltung ist visuelle Information, die seinen Nutzen im Ursprung haben muss.<\/p>\n","protected":false},"author":1,"featured_media":0,"parent":0,"menu_order":0,"comment_status":"closed","ping_status":"closed","template":"elementor_canvas","meta":{"footnotes":""},"class_list":["post-616","page","type-page","status-publish","hentry"],"_links":{"self":[{"href":"https:\/\/heiniger-graphicdesign.ch\/index.php?rest_route=\/wp\/v2\/pages\/616","targetHints":{"allow":["GET"]}}],"collection":[{"href":"https:\/\/heiniger-graphicdesign.ch\/index.php?rest_route=\/wp\/v2\/pages"}],"about":[{"href":"https:\/\/heiniger-graphicdesign.ch\/index.php?rest_route=\/wp\/v2\/types\/page"}],"author":[{"embeddable":true,"href":"https:\/\/heiniger-graphicdesign.ch\/index.php?rest_route=\/wp\/v2\/users\/1"}],"replies":[{"embeddable":true,"href":"https:\/\/heiniger-graphicdesign.ch\/index.php?rest_route=%2Fwp%2Fv2%2Fcomments&post=616"}],"version-history":[{"count":25,"href":"https:\/\/heiniger-graphicdesign.ch\/index.php?rest_route=\/wp\/v2\/pages\/616\/revisions"}],"predecessor-version":[{"id":1151,"href":"https:\/\/heiniger-graphicdesign.ch\/index.php?rest_route=\/wp\/v2\/pages\/616\/revisions\/1151"}],"wp:attachment":[{"href":"https:\/\/heiniger-graphicdesign.ch\/index.php?rest_route=%2Fwp%2Fv2%2Fmedia&parent=616"}],"curies":[{"name":"wp","href":"https:\/\/api.w.org\/{rel}","templated":true}]}}