{"id":611,"date":"2023-05-04T19:48:23","date_gmt":"2023-05-04T18:48:23","guid":{"rendered":"https:\/\/heiniger-graphicdesign.ch\/?page_id=611"},"modified":"2023-05-24T11:04:31","modified_gmt":"2023-05-24T10:04:31","slug":"about-hgd-de","status":"publish","type":"page","link":"https:\/\/heiniger-graphicdesign.ch\/?page_id=611&lang=de","title":{"rendered":"\u00dcber HGD"},"content":{"rendered":"\t\t<div data-elementor-type=\"wp-page\" data-elementor-id=\"611\" class=\"elementor elementor-611\">\n\t\t\t\t<div class=\"elementor-element elementor-element-bd30b02 e-con-full e-flex e-con e-parent\" data-id=\"bd30b02\" data-element_type=\"container\">\n\t\t<div class=\"elementor-element elementor-element-fd67750 e-con-full animated-fast e-flex e-con e-parent\" data-id=\"fd67750\" data-element_type=\"container\" data-settings=\"{&quot;animation&quot;:&quot;none&quot;,&quot;animation_delay&quot;:0}\">\n\t\t<div class=\"elementor-element elementor-element-f08fe76 e-con-full e-flex e-con e-parent\" data-id=\"f08fe76\" data-element_type=\"container\">\n\t\t\t\t<div class=\"elementor-element elementor-element-f668eff elementor-widget elementor-widget-image\" data-id=\"f668eff\" data-element_type=\"widget\" data-widget_type=\"image.default\">\n\t\t\t\t<div class=\"elementor-widget-container\">\n\t\t\t\t\t\t\t\t\t\t\t\t\t\t\t<img fetchpriority=\"high\" decoding=\"async\" width=\"1707\" height=\"2560\" src=\"https:\/\/heiniger-graphicdesign.ch\/wp-content\/uploads\/2023\/05\/UBER_HGD_DE-min-scaled.jpg\" class=\"attachment-full size-full wp-image-530\" alt=\"\" srcset=\"https:\/\/heiniger-graphicdesign.ch\/wp-content\/uploads\/2023\/05\/UBER_HGD_DE-min-scaled.jpg 1707w, https:\/\/heiniger-graphicdesign.ch\/wp-content\/uploads\/2023\/05\/UBER_HGD_DE-min-200x300.jpg 200w, https:\/\/heiniger-graphicdesign.ch\/wp-content\/uploads\/2023\/05\/UBER_HGD_DE-min-683x1024.jpg 683w, https:\/\/heiniger-graphicdesign.ch\/wp-content\/uploads\/2023\/05\/UBER_HGD_DE-min-768x1152.jpg 768w, https:\/\/heiniger-graphicdesign.ch\/wp-content\/uploads\/2023\/05\/UBER_HGD_DE-min-1024x1536.jpg 1024w, https:\/\/heiniger-graphicdesign.ch\/wp-content\/uploads\/2023\/05\/UBER_HGD_DE-min-1365x2048.jpg 1365w\" sizes=\"(max-width: 1707px) 100vw, 1707px\" \/>\t\t\t\t\t\t\t\t\t\t\t\t\t\t\t<\/div>\n\t\t\t\t<\/div>\n\t\t\t\t<\/div>\n\t\t<div class=\"elementor-element elementor-element-8670190 e-con-full e-flex e-con e-parent\" data-id=\"8670190\" data-element_type=\"container\">\n\t\t\t\t<div class=\"elementor-element elementor-element-36a7d28 elementor-widget elementor-widget-text-editor\" data-id=\"36a7d28\" data-element_type=\"widget\" data-widget_type=\"text-editor.default\">\n\t\t\t\t<div class=\"elementor-widget-container\">\n\t\t\t\t\t\t\t\t\t<p><strong>\u00dcber Heiniger Graphic Design<\/strong><br \/>Marc Heiniger ist Gr\u00fcnder und Inhaber des Einzelunternehmens \u00abHeiniger Graphic Design\u00bb. Seit seinem Abschluss als Grafiker EFZ im Jahr 2018, arbeitet er unter anderem mit dem renommierten K\u00fcnstler und Grafiker <span style=\"text-decoration: underline;\"><a href=\"https:\/\/bozacistudio.com\/\">Ata Bozaci<\/a><\/span>. Seine gestalterische Leidenschaft konnte er fr\u00fch mit unternehmerischen und marktorientierten F\u00e4higkeiten erg\u00e4nzen. In einer engen Zusammenarbeit mit der <span style=\"text-decoration: underline;\"><a href=\"https:\/\/montanasport.ch\/\">Montana Sport AG<\/a><\/span>, als Spezialist in kreativen Medien und visueller Kommunikation, bringt er Ideen und sorgt f\u00fcr eine fachgerechte Umsetzung. Heiniger Graphic Design vertritt eine hochpr\u00e4zise, ausgefeilte, lesbare und kundenorientierte Grafik, nach den Lehren der Schweizer Grafik.<\/p>\t\t\t\t\t\t\t\t<\/div>\n\t\t\t\t<\/div>\n\t\t\t\t<\/div>\n\t\t\t\t<\/div>\n\t\t\t\t<\/div>\n\t\t\t\t<\/div>\n\t\t","protected":false},"excerpt":{"rendered":"<p>\u00dcber Heiniger Graphic DesignMarc Heiniger ist Gr\u00fcnder und Inhaber des Einzelunternehmens \u00abHeiniger Graphic Design\u00bb. Seit seinem Abschluss als Grafiker EFZ im Jahr 2018, arbeitet er unter anderem mit dem renommierten K\u00fcnstler und Grafiker Ata Bozaci. Seine gestalterische Leidenschaft konnte er fr\u00fch mit unternehmerischen und marktorientierten F\u00e4higkeiten erg\u00e4nzen. In einer engen Zusammenarbeit mit der Montana Sport [&hellip;]<\/p>\n","protected":false},"author":1,"featured_media":0,"parent":0,"menu_order":0,"comment_status":"closed","ping_status":"closed","template":"elementor_canvas","meta":{"footnotes":""},"class_list":["post-611","page","type-page","status-publish","hentry"],"_links":{"self":[{"href":"https:\/\/heiniger-graphicdesign.ch\/index.php?rest_route=\/wp\/v2\/pages\/611","targetHints":{"allow":["GET"]}}],"collection":[{"href":"https:\/\/heiniger-graphicdesign.ch\/index.php?rest_route=\/wp\/v2\/pages"}],"about":[{"href":"https:\/\/heiniger-graphicdesign.ch\/index.php?rest_route=\/wp\/v2\/types\/page"}],"author":[{"embeddable":true,"href":"https:\/\/heiniger-graphicdesign.ch\/index.php?rest_route=\/wp\/v2\/users\/1"}],"replies":[{"embeddable":true,"href":"https:\/\/heiniger-graphicdesign.ch\/index.php?rest_route=%2Fwp%2Fv2%2Fcomments&post=611"}],"version-history":[{"count":25,"href":"https:\/\/heiniger-graphicdesign.ch\/index.php?rest_route=\/wp\/v2\/pages\/611\/revisions"}],"predecessor-version":[{"id":1194,"href":"https:\/\/heiniger-graphicdesign.ch\/index.php?rest_route=\/wp\/v2\/pages\/611\/revisions\/1194"}],"wp:attachment":[{"href":"https:\/\/heiniger-graphicdesign.ch\/index.php?rest_route=%2Fwp%2Fv2%2Fmedia&parent=611"}],"curies":[{"name":"wp","href":"https:\/\/api.w.org\/{rel}","templated":true}]}}